{"id":12906,"date":"2023-07-05T17:43:38","date_gmt":"2023-07-05T15:43:38","guid":{"rendered":"https:\/\/www.malcolm-demo.fr\/arcade\/?page_id=12906"},"modified":"2023-10-16T18:36:27","modified_gmt":"2023-10-16T16:36:27","slug":"petits-dejeuners","status":"publish","type":"page","link":"https:\/\/www.hotel-arcade.com\/fr2\/petits-dejeuners\/","title":{"rendered":"Petits-d\u00e9jeuners"},"content":{"rendered":"\t\t<div data-elementor-type=\"wp-page\" data-elementor-id=\"12906\" class=\"elementor elementor-12906\" data-elementor-post-type=\"page\">\n\t\t\t\t\t\t\t\t\t<section class=\"elementor-section elementor-top-section elementor-element elementor-element-994dcba elementor-section-boxed elementor-section-height-default elementor-section-height-default wpr-particle-no wpr-jarallax-no wpr-parallax-no wpr-sticky-section-no\" data-id=\"994dcba\" data-element_type=\"section\">\n\t\t\t\t\t\t<div class=\"elementor-container elementor-column-gap-default\">\n\t\t\t\t\t<div class=\"elementor-column elementor-col-100 elementor-top-column elementor-element elementor-element-9f8b034\" data-id=\"9f8b034\" data-element_type=\"column\">\n\t\t\t<div class=\"elementor-widget-wrap elementor-element-populated\">\n\t\t\t\t\t\t\t\t<div class=\"elementor-element elementor-element-8d85a59 elementor-widget elementor-widget-spacer\" data-id=\"8d85a59\" data-element_type=\"widget\" data-widget_type=\"spacer.default\">\n\t\t\t\t<div class=\"elementor-widget-container\">\n\t\t\t<style>\/*! elementor - v3.16.0 - 09-10-2023 *\/\n.elementor-column .elementor-spacer-inner{height:var(--spacer-size)}.e-con{--container-widget-width:100%}.e-con-inner>.elementor-widget-spacer,.e-con>.elementor-widget-spacer{width:var(--container-widget-width,var(--spacer-size));--align-self:var(--container-widget-align-self,initial);--flex-shrink:0}.e-con-inner>.elementor-widget-spacer>.elementor-widget-container,.e-con>.elementor-widget-spacer>.elementor-widget-container{height:100%;width:100%}.e-con-inner>.elementor-widget-spacer>.elementor-widget-container>.elementor-spacer,.e-con>.elementor-widget-spacer>.elementor-widget-container>.elementor-spacer{height:100%}.e-con-inner>.elementor-widget-spacer>.elementor-widget-container>.elementor-spacer>.elementor-spacer-inner,.e-con>.elementor-widget-spacer>.elementor-widget-container>.elementor-spacer>.elementor-spacer-inner{height:var(--container-widget-height,var(--spacer-size))}.e-con-inner>.elementor-widget-spacer.elementor-widget-empty,.e-con>.elementor-widget-spacer.elementor-widget-empty{position:relative;min-height:22px;min-width:22px}.e-con-inner>.elementor-widget-spacer.elementor-widget-empty .elementor-widget-empty-icon,.e-con>.elementor-widget-spacer.elementor-widget-empty .elementor-widget-empty-icon{position:absolute;top:0;bottom:0;left:0;right:0;margin:auto;padding:0;width:22px;height:22px}<\/style>\t\t<div class=\"elementor-spacer\">\n\t\t\t<div class=\"elementor-spacer-inner\"><\/div>\n\t\t<\/div>\n\t\t\t\t<\/div>\n\t\t\t\t<\/div>\n\t\t\t\t<div class=\"elementor-element elementor-element-ae97530 elementor-widget elementor-widget-heading\" data-id=\"ae97530\" data-element_type=\"widget\" data-widget_type=\"heading.default\">\n\t\t\t\t<div class=\"elementor-widget-container\">\n\t\t\t<style>\/*! elementor - v3.16.0 - 09-10-2023 *\/\n.elementor-heading-title{padding:0;margin:0;line-height:1}.elementor-widget-heading .elementor-heading-title[class*=elementor-size-]>a{color:inherit;font-size:inherit;line-height:inherit}.elementor-widget-heading .elementor-heading-title.elementor-size-small{font-size:15px}.elementor-widget-heading .elementor-heading-title.elementor-size-medium{font-size:19px}.elementor-widget-heading .elementor-heading-title.elementor-size-large{font-size:29px}.elementor-widget-heading .elementor-heading-title.elementor-size-xl{font-size:39px}.elementor-widget-heading .elementor-heading-title.elementor-size-xxl{font-size:59px}<\/style><h1 class=\"elementor-heading-title elementor-size-default\">Des petits d\u00e9jeuners gourmands<span style=\"color: var(--dark-color); font-family: var(--title-fonts);\"><\/span><br><\/h1>\t\t<\/div>\n\t\t\t\t<\/div>\n\t\t\t\t<div class=\"elementor-element elementor-element-6a83811 elementor-widget elementor-widget-spacer\" data-id=\"6a83811\" data-element_type=\"widget\" data-widget_type=\"spacer.default\">\n\t\t\t\t<div class=\"elementor-widget-container\">\n\t\t\t\t\t<div class=\"elementor-spacer\">\n\t\t\t<div class=\"elementor-spacer-inner\"><\/div>\n\t\t<\/div>\n\t\t\t\t<\/div>\n\t\t\t\t<\/div>\n\t\t\t\t\t<\/div>\n\t\t<\/div>\n\t\t\t\t\t\t\t<\/div>\n\t\t<\/section>\n\t\t\t\t<section class=\"elementor-section elementor-top-section elementor-element elementor-element-2a17e6b elementor-section-boxed elementor-section-height-default elementor-section-height-default wpr-particle-no wpr-jarallax-no wpr-parallax-no wpr-sticky-section-no\" data-id=\"2a17e6b\" data-element_type=\"section\">\n\t\t\t\t\t\t<div class=\"elementor-container elementor-column-gap-default\">\n\t\t\t\t\t<div class=\"elementor-column elementor-col-100 elementor-top-column elementor-element elementor-element-b46db57\" data-id=\"b46db57\" data-element_type=\"column\">\n\t\t\t<div class=\"elementor-widget-wrap elementor-element-populated\">\n\t\t\t\t\t\t\t\t<div class=\"elementor-element elementor-element-3d7182f elementor-widget elementor-widget-section-title\" data-id=\"3d7182f\" data-element_type=\"widget\" data-widget_type=\"section-title.default\">\n\t\t\t\t<div class=\"elementor-widget-container\">\n\t\t\t<div class=\" pt-section-title  pt-section-title-style-1 text-left\">\r\n\r\n   \t\t   \t\t<span class=\"pt-section-sub-title\">Petit D\u00e9jeuner<\/span>\r\n   \t   \t\t\t   <h5 class=\"pt-section-title\" >La Salle des petits d\u00e9jeuners<\/h5>\r\n\t   <p class=\"pt-section-description\">Situ\u00e9e au rez-de-chauss\u00e9e de l\u2019h\u00f4tel, la salle des petits-d\u00e9jeuners, lumineuse et spacieuse, donne sur la rue.\n\nLes tables sont dress\u00e9es et les boissons chaudes servies selon les d\u00e9sirs de chacun.\n\nUn buffet est \u00e0 votre disposition pour un parfait petit-d\u00e9jeuner continental ou \u00e0 la carte.<\/p>\r\n     \r\n \r\n\t<\/div>\r\n\t\t<\/div>\n\t\t\t\t<\/div>\n\t\t\t\t\t<\/div>\n\t\t<\/div>\n\t\t\t\t\t\t\t<\/div>\n\t\t<\/section>\n\t\t\t\t<section class=\"elementor-section elementor-top-section elementor-element elementor-element-38be732 elementor-section-boxed elementor-section-height-default elementor-section-height-default wpr-particle-no wpr-jarallax-no wpr-parallax-no wpr-sticky-section-no\" data-id=\"38be732\" data-element_type=\"section\">\n\t\t\t\t\t\t<div class=\"elementor-container elementor-column-gap-default\">\n\t\t\t\t\t<div class=\"elementor-column elementor-col-100 elementor-top-column elementor-element elementor-element-cd551c0\" data-id=\"cd551c0\" data-element_type=\"column\">\n\t\t\t<div class=\"elementor-widget-wrap elementor-element-populated\">\n\t\t\t\t\t\t\t\t<div class=\"elementor-element elementor-element-147c463 elementor-widget elementor-widget-text-editor\" data-id=\"147c463\" data-element_type=\"widget\" data-widget_type=\"text-editor.default\">\n\t\t\t\t<div class=\"elementor-widget-container\">\n\t\t\t<style>\/*! elementor - v3.16.0 - 09-10-2023 *\/\n.elementor-widget-text-editor.elementor-drop-cap-view-stacked .elementor-drop-cap{background-color:#69727d;color:#fff}.elementor-widget-text-editor.elementor-drop-cap-view-framed .elementor-drop-cap{color:#69727d;border:3px solid;background-color:transparent}.elementor-widget-text-editor:not(.elementor-drop-cap-view-default) .elementor-drop-cap{margin-top:8px}.elementor-widget-text-editor:not(.elementor-drop-cap-view-default) .elementor-drop-cap-letter{width:1em;height:1em}.elementor-widget-text-editor .elementor-drop-cap{float:left;text-align:center;line-height:1;font-size:50px}.elementor-widget-text-editor .elementor-drop-cap-letter{display:inline-block}<\/style>\t\t\t\t<ul><li>Les petits-d\u00e9jeuners sont servis :<ul><li>de 7h00 \u00e0 10h30 en semaine<\/li><li>et de 7h00 \u00e0 11h00 le week-end<\/li><\/ul><\/li><\/ul>\t\t\t\t\t\t<\/div>\n\t\t\t\t<\/div>\n\t\t\t\t<div class=\"elementor-element elementor-element-657826a elementor-widget elementor-widget-image\" data-id=\"657826a\" data-element_type=\"widget\" data-widget_type=\"image.default\">\n\t\t\t\t<div class=\"elementor-widget-container\">\n\t\t\t<style>\/*! elementor - v3.16.0 - 09-10-2023 *\/\n.elementor-widget-image{text-align:center}.elementor-widget-image a{display:inline-block}.elementor-widget-image a img[src$=\".svg\"]{width:48px}.elementor-widget-image img{vertical-align:middle;display:inline-block}<\/style>\t\t\t\t\t\t\t\t\t\t\t\t<img decoding=\"async\" loading=\"lazy\" width=\"1536\" height=\"1024\" src=\"https:\/\/www.hotel-arcade.com\/fr2\/wp-content\/uploads\/2023\/08\/Arcade-salle-pdj-detail-tables-Copie-1536x1024.jpg\" class=\"attachment-1536x1536 size-1536x1536 wp-image-13219\" alt=\"\" srcset=\"https:\/\/www.hotel-arcade.com\/fr2\/wp-content\/uploads\/2023\/08\/Arcade-salle-pdj-detail-tables-Copie-1536x1024.jpg 1536w, https:\/\/www.hotel-arcade.com\/fr2\/wp-content\/uploads\/2023\/08\/Arcade-salle-pdj-detail-tables-Copie-300x200.jpg 300w, https:\/\/www.hotel-arcade.com\/fr2\/wp-content\/uploads\/2023\/08\/Arcade-salle-pdj-detail-tables-Copie-1024x683.jpg 1024w, https:\/\/www.hotel-arcade.com\/fr2\/wp-content\/uploads\/2023\/08\/Arcade-salle-pdj-detail-tables-Copie-768x512.jpg 768w, https:\/\/www.hotel-arcade.com\/fr2\/wp-content\/uploads\/2023\/08\/Arcade-salle-pdj-detail-tables-Copie-2048x1365.jpg 2048w\" sizes=\"(max-width: 1536px) 100vw, 1536px\" \/>\t\t\t\t\t\t\t\t\t\t\t\t\t\t\t<\/div>\n\t\t\t\t<\/div>\n\t\t\t\t<div class=\"elementor-element elementor-element-9716199 elementor-widget elementor-widget-spacer\" data-id=\"9716199\" data-element_type=\"widget\" data-widget_type=\"spacer.default\">\n\t\t\t\t<div class=\"elementor-widget-container\">\n\t\t\t\t\t<div class=\"elementor-spacer\">\n\t\t\t<div class=\"elementor-spacer-inner\"><\/div>\n\t\t<\/div>\n\t\t\t\t<\/div>\n\t\t\t\t<\/div>\n\t\t\t\t\t<\/div>\n\t\t<\/div>\n\t\t\t\t\t\t\t<\/div>\n\t\t<\/section>\n\t\t\t\t<section class=\"elementor-section elementor-top-section elementor-element elementor-element-9a26cc4 elementor-section-boxed elementor-section-height-default elementor-section-height-default wpr-particle-no wpr-jarallax-no wpr-parallax-no wpr-sticky-section-no\" data-id=\"9a26cc4\" data-element_type=\"section\">\n\t\t\t\t\t\t<div class=\"elementor-container elementor-column-gap-default\">\n\t\t\t\t\t<div class=\"elementor-column elementor-col-100 elementor-top-column elementor-element elementor-element-3803b80\" data-id=\"3803b80\" data-element_type=\"column\">\n\t\t\t<div class=\"elementor-widget-wrap\">\n\t\t\t\t\t\t\t\t\t<\/div>\n\t\t<\/div>\n\t\t\t\t\t\t\t<\/div>\n\t\t<\/section>\n\t\t\t\t\t\t\t<\/div>\n\t\t","protected":false},"excerpt":{"rendered":"<p>Des petits d\u00e9jeuners gourmands Petit D\u00e9jeuner La Salle des petits d\u00e9jeuners Situ\u00e9e au rez-de-chauss\u00e9e de l\u2019h\u00f4tel, la salle des petits-d\u00e9jeuners, lumineuse et spacieuse, donne sur la rue. Les tables sont dress\u00e9es et les boissons chaudes servies selon les d\u00e9sirs de chacun. Un buffet est \u00e0 votre disposition pour un parfait petit-d\u00e9jeuner continental ou \u00e0 la carte. Les petits-d\u00e9jeuners sont servis : de 7h00 \u00e0 10h30 en semaine et de 7h00 \u00e0 11h00 le week-end<\/p>\n","protected":false},"author":1,"featured_media":0,"parent":0,"menu_order":0,"comment_status":"closed","ping_status":"closed","template":"","meta":{"footnotes":""},"acf":[],"yoast_head":"<!-- This site is optimized with the Yoast SEO plugin v21.3 - https:\/\/yoast.com\/wordpress\/plugins\/seo\/ -->\n<title>Petits-d\u00e9jeuners - HOTEL DE L&#039;ARCADE - HOTEL 3 ETOILES PARIS MADELEINE<\/title>\n<meta name=\"robots\" content=\"index, follow, max-snippet:-1, max-image-preview:large, max-video-preview:-1\" \/>\n<link rel=\"canonical\" href=\"https:\/\/www.hotel-arcade.com\/fr2\/petits-dejeuners\/\" \/>\n<meta property=\"og:locale\" content=\"fr_FR\" \/>\n<meta property=\"og:type\" content=\"article\" \/>\n<meta property=\"og:title\" content=\"Petits-d\u00e9jeuners - HOTEL DE L&#039;ARCADE - HOTEL 3 ETOILES PARIS MADELEINE\" \/>\n<meta property=\"og:description\" content=\"Des petits d\u00e9jeuners gourmands Petit D\u00e9jeuner La Salle des petits d\u00e9jeuners Situ\u00e9e au rez-de-chauss\u00e9e de l\u2019h\u00f4tel, la salle des petits-d\u00e9jeuners, lumineuse et spacieuse, donne sur la rue. Les tables sont dress\u00e9es et les boissons chaudes servies selon les d\u00e9sirs de chacun. Un buffet est \u00e0 votre disposition pour un parfait petit-d\u00e9jeuner continental ou \u00e0 la carte. Les petits-d\u00e9jeuners sont servis : de 7h00 \u00e0 10h30 en semaine et de 7h00 \u00e0 11h00 le week-end\" \/>\n<meta property=\"og:url\" content=\"https:\/\/www.hotel-arcade.com\/fr2\/petits-dejeuners\/\" \/>\n<meta property=\"og:site_name\" content=\"HOTEL DE L&#039;ARCADE - HOTEL 3 ETOILES PARIS MADELEINE\" \/>\n<meta property=\"article:publisher\" content=\"https:\/\/www.facebook.com\/hoteldelarcadeparis\" \/>\n<meta property=\"article:modified_time\" content=\"2023-10-16T16:36:27+00:00\" \/>\n<meta property=\"og:image\" content=\"https:\/\/www.hotel-arcade.com\/fr2\/wp-content\/uploads\/2023\/08\/Arcade-salle-pdj-detail-tables-Copie-1536x1024.jpg\" \/>\n<meta name=\"twitter:card\" content=\"summary_large_image\" \/>\n<meta name=\"twitter:label1\" content=\"Dur\u00e9e de lecture estim\u00e9e\" \/>\n\t<meta name=\"twitter:data1\" content=\"1 minute\" \/>\n<script type=\"application\/ld+json\" class=\"yoast-schema-graph\">{\"@context\":\"https:\/\/schema.org\",\"@graph\":[{\"@type\":\"WebPage\",\"@id\":\"https:\/\/www.hotel-arcade.com\/fr2\/petits-dejeuners\/\",\"url\":\"https:\/\/www.hotel-arcade.com\/fr2\/petits-dejeuners\/\",\"name\":\"Petits-d\u00e9jeuners - HOTEL DE L&#039;ARCADE - HOTEL 3 ETOILES PARIS MADELEINE\",\"isPartOf\":{\"@id\":\"https:\/\/www.hotel-arcade.com\/fr2\/#website\"},\"datePublished\":\"2023-07-05T15:43:38+00:00\",\"dateModified\":\"2023-10-16T16:36:27+00:00\",\"breadcrumb\":{\"@id\":\"https:\/\/www.hotel-arcade.com\/fr2\/petits-dejeuners\/#breadcrumb\"},\"inLanguage\":\"fr-FR\",\"potentialAction\":[{\"@type\":\"ReadAction\",\"target\":[\"https:\/\/www.hotel-arcade.com\/fr2\/petits-dejeuners\/\"]}]},{\"@type\":\"BreadcrumbList\",\"@id\":\"https:\/\/www.hotel-arcade.com\/fr2\/petits-dejeuners\/#breadcrumb\",\"itemListElement\":[{\"@type\":\"ListItem\",\"position\":1,\"name\":\"Accueil\",\"item\":\"https:\/\/www.hotel-arcade.com\/fr2\/\"},{\"@type\":\"ListItem\",\"position\":2,\"name\":\"Petits-d\u00e9jeuners\"}]},{\"@type\":\"WebSite\",\"@id\":\"https:\/\/www.hotel-arcade.com\/fr2\/#website\",\"url\":\"https:\/\/www.hotel-arcade.com\/fr2\/\",\"name\":\"HOTEL DE L&#039;ARCADE - HOTEL 3 ETOILES PARIS MADELEINE\",\"description\":\"H\u00f4tel de l&#039;Arcade 3 \u00e9toiles Paris 8 pr\u00e8s de la Madeleine, de l&#039;Opera Garnier et des grands magasins. H\u00f4tel de luxe Paris | SITE OFFICIEL.\",\"publisher\":{\"@id\":\"https:\/\/www.hotel-arcade.com\/fr2\/#organization\"},\"potentialAction\":[{\"@type\":\"SearchAction\",\"target\":{\"@type\":\"EntryPoint\",\"urlTemplate\":\"https:\/\/www.hotel-arcade.com\/fr2\/?s={search_term_string}\"},\"query-input\":\"required name=search_term_string\"}],\"inLanguage\":\"fr-FR\"},{\"@type\":\"Organization\",\"@id\":\"https:\/\/www.hotel-arcade.com\/fr2\/#organization\",\"name\":\"HOTEL DE L'ARCADE - HOTEL 3 ETOILES PARIS MADELEINE\",\"alternateName\":\"H\u00f4tel de l'Arcade 3 \u00e9toiles Paris 8 pr\u00e8s de la Madeleine, de l'Opera Garnier et des grands magasins. H\u00f4tel de luxe Paris | SITE OFFICIEL.\",\"url\":\"https:\/\/www.hotel-arcade.com\/fr2\/\",\"logo\":{\"@type\":\"ImageObject\",\"inLanguage\":\"fr-FR\",\"@id\":\"https:\/\/www.hotel-arcade.com\/fr2\/#\/schema\/logo\/image\/\",\"url\":\"https:\/\/www.hotel-arcade.com\/fr2\/wp-content\/uploads\/2023\/02\/Logo-Hotel-Arcade-Paris-dec24-Copie-1.png\",\"contentUrl\":\"https:\/\/www.hotel-arcade.com\/fr2\/wp-content\/uploads\/2023\/02\/Logo-Hotel-Arcade-Paris-dec24-Copie-1.png\",\"width\":350,\"height\":209,\"caption\":\"HOTEL DE L'ARCADE - HOTEL 3 ETOILES PARIS MADELEINE\"},\"image\":{\"@id\":\"https:\/\/www.hotel-arcade.com\/fr2\/#\/schema\/logo\/image\/\"},\"sameAs\":[\"https:\/\/www.facebook.com\/hoteldelarcadeparis\",\"https:\/\/www.instagram.com\/hoteldelarcadeparis\/\"]}]}<\/script>\n<!-- \/ Yoast SEO plugin. -->","yoast_head_json":{"title":"Petits-d\u00e9jeuners - HOTEL DE L&#039;ARCADE - HOTEL 3 ETOILES PARIS MADELEINE","robots":{"index":"index","follow":"follow","max-snippet":"max-snippet:-1","max-image-preview":"max-image-preview:large","max-video-preview":"max-video-preview:-1"},"canonical":"https:\/\/www.hotel-arcade.com\/fr2\/petits-dejeuners\/","og_locale":"fr_FR","og_type":"article","og_title":"Petits-d\u00e9jeuners - HOTEL DE L&#039;ARCADE - HOTEL 3 ETOILES PARIS MADELEINE","og_description":"Des petits d\u00e9jeuners gourmands Petit D\u00e9jeuner La Salle des petits d\u00e9jeuners Situ\u00e9e au rez-de-chauss\u00e9e de l\u2019h\u00f4tel, la salle des petits-d\u00e9jeuners, lumineuse et spacieuse, donne sur la rue. Les tables sont dress\u00e9es et les boissons chaudes servies selon les d\u00e9sirs de chacun. Un buffet est \u00e0 votre disposition pour un parfait petit-d\u00e9jeuner continental ou \u00e0 la carte. Les petits-d\u00e9jeuners sont servis : de 7h00 \u00e0 10h30 en semaine et de 7h00 \u00e0 11h00 le week-end","og_url":"https:\/\/www.hotel-arcade.com\/fr2\/petits-dejeuners\/","og_site_name":"HOTEL DE L&#039;ARCADE - HOTEL 3 ETOILES PARIS MADELEINE","article_publisher":"https:\/\/www.facebook.com\/hoteldelarcadeparis","article_modified_time":"2023-10-16T16:36:27+00:00","og_image":[{"url":"https:\/\/www.hotel-arcade.com\/fr2\/wp-content\/uploads\/2023\/08\/Arcade-salle-pdj-detail-tables-Copie-1536x1024.jpg"}],"twitter_card":"summary_large_image","twitter_misc":{"Dur\u00e9e de lecture estim\u00e9e":"1 minute"},"schema":{"@context":"https:\/\/schema.org","@graph":[{"@type":"WebPage","@id":"https:\/\/www.hotel-arcade.com\/fr2\/petits-dejeuners\/","url":"https:\/\/www.hotel-arcade.com\/fr2\/petits-dejeuners\/","name":"Petits-d\u00e9jeuners - HOTEL DE L&#039;ARCADE - HOTEL 3 ETOILES PARIS MADELEINE","isPartOf":{"@id":"https:\/\/www.hotel-arcade.com\/fr2\/#website"},"datePublished":"2023-07-05T15:43:38+00:00","dateModified":"2023-10-16T16:36:27+00:00","breadcrumb":{"@id":"https:\/\/www.hotel-arcade.com\/fr2\/petits-dejeuners\/#breadcrumb"},"inLanguage":"fr-FR","potentialAction":[{"@type":"ReadAction","target":["https:\/\/www.hotel-arcade.com\/fr2\/petits-dejeuners\/"]}]},{"@type":"BreadcrumbList","@id":"https:\/\/www.hotel-arcade.com\/fr2\/petits-dejeuners\/#breadcrumb","itemListElement":[{"@type":"ListItem","position":1,"name":"Accueil","item":"https:\/\/www.hotel-arcade.com\/fr2\/"},{"@type":"ListItem","position":2,"name":"Petits-d\u00e9jeuners"}]},{"@type":"WebSite","@id":"https:\/\/www.hotel-arcade.com\/fr2\/#website","url":"https:\/\/www.hotel-arcade.com\/fr2\/","name":"HOTEL DE L&#039;ARCADE - HOTEL 3 ETOILES PARIS MADELEINE","description":"H\u00f4tel de l&#039;Arcade 3 \u00e9toiles Paris 8 pr\u00e8s de la Madeleine, de l&#039;Opera Garnier et des grands magasins. H\u00f4tel de luxe Paris | SITE OFFICIEL.","publisher":{"@id":"https:\/\/www.hotel-arcade.com\/fr2\/#organization"},"potentialAction":[{"@type":"SearchAction","target":{"@type":"EntryPoint","urlTemplate":"https:\/\/www.hotel-arcade.com\/fr2\/?s={search_term_string}"},"query-input":"required name=search_term_string"}],"inLanguage":"fr-FR"},{"@type":"Organization","@id":"https:\/\/www.hotel-arcade.com\/fr2\/#organization","name":"HOTEL DE L'ARCADE - HOTEL 3 ETOILES PARIS MADELEINE","alternateName":"H\u00f4tel de l'Arcade 3 \u00e9toiles Paris 8 pr\u00e8s de la Madeleine, de l'Opera Garnier et des grands magasins. H\u00f4tel de luxe Paris | SITE OFFICIEL.","url":"https:\/\/www.hotel-arcade.com\/fr2\/","logo":{"@type":"ImageObject","inLanguage":"fr-FR","@id":"https:\/\/www.hotel-arcade.com\/fr2\/#\/schema\/logo\/image\/","url":"https:\/\/www.hotel-arcade.com\/fr2\/wp-content\/uploads\/2023\/02\/Logo-Hotel-Arcade-Paris-dec24-Copie-1.png","contentUrl":"https:\/\/www.hotel-arcade.com\/fr2\/wp-content\/uploads\/2023\/02\/Logo-Hotel-Arcade-Paris-dec24-Copie-1.png","width":350,"height":209,"caption":"HOTEL DE L'ARCADE - HOTEL 3 ETOILES PARIS MADELEINE"},"image":{"@id":"https:\/\/www.hotel-arcade.com\/fr2\/#\/schema\/logo\/image\/"},"sameAs":["https:\/\/www.facebook.com\/hoteldelarcadeparis","https:\/\/www.instagram.com\/hoteldelarcadeparis\/"]}]}},"_links":{"self":[{"href":"https:\/\/www.hotel-arcade.com\/fr2\/wp-json\/wp\/v2\/pages\/12906"}],"collection":[{"href":"https:\/\/www.hotel-arcade.com\/fr2\/wp-json\/wp\/v2\/pages"}],"about":[{"href":"https:\/\/www.hotel-arcade.com\/fr2\/wp-json\/wp\/v2\/types\/page"}],"author":[{"embeddable":true,"href":"https:\/\/www.hotel-arcade.com\/fr2\/wp-json\/wp\/v2\/users\/1"}],"replies":[{"embeddable":true,"href":"https:\/\/www.hotel-arcade.com\/fr2\/wp-json\/wp\/v2\/comments?post=12906"}],"version-history":[{"count":37,"href":"https:\/\/www.hotel-arcade.com\/fr2\/wp-json\/wp\/v2\/pages\/12906\/revisions"}],"predecessor-version":[{"id":13984,"href":"https:\/\/www.hotel-arcade.com\/fr2\/wp-json\/wp\/v2\/pages\/12906\/revisions\/13984"}],"wp:attachment":[{"href":"https:\/\/www.hotel-arcade.com\/fr2\/wp-json\/wp\/v2\/media?parent=12906"}],"curies":[{"name":"wp","href":"https:\/\/api.w.org\/{rel}","templated":true}]}}